{"id":19252,"date":"2022-09-28T11:47:01","date_gmt":"2022-09-28T11:47:01","guid":{"rendered":"https:\/\/casais.pt\/rapport-de-developpement-durable-du-groupe-casais\/"},"modified":"2023-01-03T00:25:49","modified_gmt":"2023-01-03T00:25:49","slug":"rapport-de-developpement-durable-du-groupe-casais","status":"publish","type":"page","link":"https:\/\/casais.pt\/fr\/succes\/rapport-de-developpement-durable-du-groupe-casais\/","title":{"rendered":"Rapport de Durabilit\u00e9 du Groupe Casais"},"content":{"rendered":"\t\t<div data-elementor-type=\"wp-page\" data-elementor-id=\"19252\" class=\"elementor elementor-19252\" data-elementor-post-type=\"page\">\n\t\t\t\t\t\t\t\t\t<section class=\"elementor-section elementor-top-section elementor-element elementor-element-a003df0 elementor-section-full_width elementor-section-height-min-height elementor-section-height-default elementor-section-items-middle\" data-id=\"a003df0\" data-element_type=\"section\" data-settings=\"{&quot;jet_parallax_layout_list&quot;:[],&quot;background_background&quot;:&quot;classic&quot;}\">\n\t\t\t\t\t\t<div class=\"elementor-container elementor-column-gap-default\">\n\t\t\t\t\t<div class=\"elementor-column elementor-col-100 elementor-top-column elementor-element elementor-element-c3d367c\" data-id=\"c3d367c\" data-element_type=\"column\">\n\t\t\t<div class=\"elementor-widget-wrap elementor-element-populated\">\n\t\t\t\t\t\t\t\t<div class=\"elementor-element elementor-element-9c42c68 elementor-widget elementor-widget-heading\" data-id=\"9c42c68\" data-element_type=\"widget\" data-widget_type=\"heading.default\">\n\t\t\t\t<div class=\"elementor-widget-container\">\n\t\t\t<h1 class=\"elementor-heading-title elementor-size-default\">Soumis avec succ\u00e8s.<\/h1>\t\t<\/div>\n\t\t\t\t<\/div>\n\t\t\t\t<div class=\"elementor-element elementor-element-dd1fdaa elementor-widget elementor-widget-heading\" data-id=\"dd1fdaa\" data-element_type=\"widget\" data-widget_type=\"heading.default\">\n\t\t\t\t<div class=\"elementor-widget-container\">\n\t\t\t<p class=\"elementor-heading-title elementor-size-default\">Pour acc\u00e9der au rapport, veuillez v\u00e9rifier votre e-mail.<\/p>\t\t<\/div>\n\t\t\t\t<\/div>\n\t\t\t\t<div class=\"elementor-element elementor-element-02447b4 elementor-align-center elementor-widget elementor-widget-button\" data-id=\"02447b4\" data-element_type=\"widget\" data-widget_type=\"button.default\">\n\t\t\t\t<div class=\"elementor-widget-container\">\n\t\t\t\t\t<div class=\"elementor-button-wrapper\">\n\t\t\t<a class=\"elementor-button elementor-button-link elementor-size-sm\" href=\"https:\/\/casais.pt\/fr\/\">\n\t\t\t\t\t\t<span class=\"elementor-button-content-wrapper\">\n\t\t\t\t\t\t<span class=\"elementor-button-text\">Page d'accueil<\/span>\n\t\t<\/span>\n\t\t\t\t\t<\/a>\n\t\t<\/div>\n\t\t\t\t<\/div>\n\t\t\t\t<\/div>\n\t\t\t\t\t<\/div>\n\t\t<\/div>\n\t\t\t\t\t\t\t<\/div>\n\t\t<\/section>\n\t\t\t\t\t\t\t<\/div>\n\t\t","protected":false},"excerpt":{"rendered":"<p>Soumis avec succ\u00e8s. Pour acc\u00e9der au rapport, veuillez v\u00e9rifier votre e-mail. Page d&rsquo;accueil<\/p>\n","protected":false},"author":1,"featured_media":0,"parent":19273,"menu_order":12,"comment_status":"closed","ping_status":"closed","template":"","meta":{"inline_featured_image":false,"_jet_sm_ready_style":"","_jet_sm_style":"","_jet_sm_controls_values":"","_jet_sm_fonts_collection":"","_jet_sm_fonts_links":"","footnotes":""},"_links":{"self":[{"href":"https:\/\/casais.pt\/fr\/wp-json\/wp\/v2\/pages\/19252"}],"collection":[{"href":"https:\/\/casais.pt\/fr\/wp-json\/wp\/v2\/pages"}],"about":[{"href":"https:\/\/casais.pt\/fr\/wp-json\/wp\/v2\/types\/page"}],"author":[{"embeddable":true,"href":"https:\/\/casais.pt\/fr\/wp-json\/wp\/v2\/users\/1"}],"replies":[{"embeddable":true,"href":"https:\/\/casais.pt\/fr\/wp-json\/wp\/v2\/comments?post=19252"}],"version-history":[{"count":13,"href":"https:\/\/casais.pt\/fr\/wp-json\/wp\/v2\/pages\/19252\/revisions"}],"predecessor-version":[{"id":23912,"href":"https:\/\/casais.pt\/fr\/wp-json\/wp\/v2\/pages\/19252\/revisions\/23912"}],"up":[{"embeddable":true,"href":"https:\/\/casais.pt\/fr\/wp-json\/wp\/v2\/pages\/19273"}],"wp:attachment":[{"href":"https:\/\/casais.pt\/fr\/wp-json\/wp\/v2\/media?parent=19252"}],"curies":[{"name":"wp","href":"https:\/\/api.w.org\/{rel}","templated":true}]}}