{"id":28717,"date":"2024-01-02T18:39:25","date_gmt":"2024-01-02T18:39:25","guid":{"rendered":"https:\/\/casais.pt\/branding-fr\/"},"modified":"2024-01-08T10:35:49","modified_gmt":"2024-01-08T10:35:49","slug":"branding","status":"publish","type":"page","link":"https:\/\/casais.pt\/fr\/branding\/","title":{"rendered":"Branding FR"},"content":{"rendered":"\t\t<div data-elementor-type=\"wp-page\" data-elementor-id=\"28717\" class=\"elementor elementor-28717 elementor-28676\" data-elementor-post-type=\"page\">\n\t\t\t\t\t\t\t\t\t<section class=\"elementor-section elementor-top-section elementor-element elementor-element-bc483a9 elementor-section-full_width elementor-section-height-default elementor-section-height-default\" data-id=\"bc483a9\" data-element_type=\"section\" data-settings=\"{&quot;jet_parallax_layout_list&quot;:[]}\">\n\t\t\t\t\t\t<div class=\"elementor-container elementor-column-gap-default\">\n\t\t\t\t\t<div class=\"elementor-column elementor-col-100 elementor-top-column elementor-element elementor-element-794ef4b\" data-id=\"794ef4b\" data-element_type=\"column\">\n\t\t\t<div class=\"elementor-widget-wrap elementor-element-populated\">\n\t\t\t\t\t\t\t\t<div class=\"elementor-element elementor-element-aa5b48e elementor-widget elementor-widget-video\" data-id=\"aa5b48e\" data-element_type=\"widget\" data-settings=\"{&quot;video_type&quot;:&quot;vimeo&quot;,&quot;autoplay&quot;:&quot;yes&quot;,&quot;play_on_mobile&quot;:&quot;yes&quot;,&quot;mute&quot;:&quot;yes&quot;,&quot;loop&quot;:&quot;yes&quot;}\" data-widget_type=\"video.default\">\n\t\t\t\t<div class=\"elementor-widget-container\">\n\t\t\t\t\t<div class=\"elementor-wrapper elementor-open-inline\">\n\t\t\t<iframe class=\"elementor-video-iframe\" allowfullscreen title=\"Lecteur vid\u00e9o vimeo\" src=\"https:\/\/player.vimeo.com\/video\/899259393?autoplay=1&amp;playsinline=1&amp;color&amp;autopause=0&amp;loop=1&amp;muted=1&amp;title=0&amp;portrait=0&amp;byline=0#t=\"><\/iframe>\t\t<\/div>\n\t\t\t\t<\/div>\n\t\t\t\t<\/div>\n\t\t\t\t\t<\/div>\n\t\t<\/div>\n\t\t\t\t\t\t\t<\/div>\n\t\t<\/section>\n\t\t\t\t<section class=\"elementor-section elementor-top-section elementor-element elementor-element-25fc23f elementor-section-boxed elementor-section-height-default elementor-section-height-default\" data-id=\"25fc23f\" data-element_type=\"section\" data-settings=\"{&quot;jet_parallax_layout_list&quot;:[]}\">\n\t\t\t\t\t\t<div class=\"elementor-container elementor-column-gap-default\">\n\t\t\t\t\t<div class=\"elementor-column elementor-col-100 elementor-top-column elementor-element elementor-element-b4a6408\" data-id=\"b4a6408\" data-element_type=\"column\">\n\t\t\t<div class=\"elementor-widget-wrap elementor-element-populated\">\n\t\t\t\t\t\t\t\t<div class=\"elementor-element elementor-element-dd75ddf elementor-widget elementor-widget-heading\" data-id=\"dd75ddf\" data-element_type=\"widget\" data-widget_type=\"heading.default\">\n\t\t\t\t<div class=\"elementor-widget-container\">\n\t\t\t<h1 class=\"elementor-heading-title elementor-size-default\">La vie est un changement permanent.<\/h1>\t\t<\/div>\n\t\t\t\t<\/div>\n\t\t\t\t<div class=\"elementor-element elementor-element-13d24a1 elementor-widget elementor-widget-text-editor\" data-id=\"13d24a1\" data-element_type=\"widget\" data-widget_type=\"text-editor.default\">\n\t\t\t\t<div class=\"elementor-widget-container\">\n\t\t\t\t\t\t\t<p>Au fur et \u00e0 mesure que la soci\u00e9t\u00e9 \u00e9volue, nos villes changent et s\u2019adaptent en devenant le reflet de la vie actuelle et de l\u2019air du temps. Nous pensons que les villes avant-gardistes favorisent les communaut\u00e9s avant-gardistes. Et tout commence par une vision.  <\/p>\n\t\t\t\t\t\t<\/div>\n\t\t\t\t<\/div>\n\t\t\t\t<div class=\"elementor-element elementor-element-b8184c0 elementor-widget elementor-widget-heading\" data-id=\"b8184c0\" data-element_type=\"widget\" data-widget_type=\"heading.default\">\n\t\t\t\t<div class=\"elementor-widget-container\">\n\t\t\t<h2 class=\"elementor-heading-title elementor-size-default\">WELL BUILT FOR WELL LIVING<\/h2>\t\t<\/div>\n\t\t\t\t<\/div>\n\t\t\t\t<div class=\"elementor-element elementor-element-5c80cdf elementor-widget elementor-widget-text-editor\" data-id=\"5c80cdf\" data-element_type=\"widget\" data-widget_type=\"text-editor.default\">\n\t\t\t\t<div class=\"elementor-widget-container\">\n\t\t\t\t\t\t\t<p><strong>Nous savons le r\u00f4le essentiel que nous jouons dans la conception des espaces dans lesquels nous vivons.<\/strong><\/p>\n<p><strong>Nous sommes convaincus que la construction durable et l\u2019innovation sont essentielles \u00e0 l\u2019am\u00e9lioration de la qualit\u00e9 de vie et de la plan\u00e8te.<\/strong><\/p>\n\t\t\t\t\t\t<\/div>\n\t\t\t\t<\/div>\n\t\t\t\t\t<\/div>\n\t\t<\/div>\n\t\t\t\t\t\t\t<\/div>\n\t\t<\/section>\n\t\t\t\t<section class=\"elementor-section elementor-top-section elementor-element elementor-element-0b1a30c elementor-section-boxed elementor-section-height-default elementor-section-height-default\" data-id=\"0b1a30c\" data-element_type=\"section\" data-settings=\"{&quot;jet_parallax_layout_list&quot;:[]}\">\n\t\t\t\t\t\t<div class=\"elementor-container elementor-column-gap-default\">\n\t\t\t\t\t<div class=\"elementor-column elementor-col-100 elementor-top-column elementor-element elementor-element-92a64a1\" data-id=\"92a64a1\" data-element_type=\"column\">\n\t\t\t<div class=\"elementor-widget-wrap elementor-element-populated\">\n\t\t\t\t\t\t\t\t<div class=\"elementor-element elementor-element-d27d9f3 elementor-widget elementor-widget-video\" data-id=\"d27d9f3\" data-element_type=\"widget\" data-settings=\"{&quot;video_type&quot;:&quot;vimeo&quot;,&quot;loop&quot;:&quot;yes&quot;,&quot;show_image_overlay&quot;:&quot;yes&quot;,&quot;image_overlay&quot;:{&quot;url&quot;:&quot;https:\\\/\\\/casais.pt\\\/wp-content\\\/uploads\\\/2024\\\/01\\\/thumb.jpg&quot;,&quot;id&quot;:28762,&quot;size&quot;:&quot;&quot;,&quot;alt&quot;:&quot;&quot;,&quot;source&quot;:&quot;library&quot;}}\" data-widget_type=\"video.default\">\n\t\t\t\t<div class=\"elementor-widget-container\">\n\t\t\t\t\t<div class=\"elementor-wrapper elementor-open-inline\">\n\t\t\t<iframe class=\"elementor-video-iframe\" allowfullscreen title=\"Lecteur vid\u00e9o vimeo\" src=\"https:\/\/player.vimeo.com\/video\/900737159?color&amp;autopause=0&amp;loop=1&amp;muted=0&amp;title=0&amp;portrait=0&amp;byline=1#t=\"><\/iframe>\t\t\t\t<div class=\"elementor-custom-embed-image-overlay\" style=\"background-image: url(https:\/\/casais.pt\/wp-content\/uploads\/2024\/01\/thumb.jpg);\">\n\t\t\t\t\t\t\t\t\t\t\t\t\t\t\t\t<div class=\"elementor-custom-embed-play\" role=\"button\" aria-label=\"Lire la vid\u00e9o\" tabindex=\"0\">\n\t\t\t\t\t\t\t<i aria-hidden=\"true\" class=\"eicon-play\"><\/i>\t\t\t\t\t\t\t<span class=\"elementor-screen-only\">Lire la vid\u00e9o<\/span>\n\t\t\t\t\t\t<\/div>\n\t\t\t\t\t\t\t\t\t<\/div>\n\t\t\t\t\t<\/div>\n\t\t\t\t<\/div>\n\t\t\t\t<\/div>\n\t\t\t\t\t<\/div>\n\t\t<\/div>\n\t\t\t\t\t\t\t<\/div>\n\t\t<\/section>\n\t\t\t\t<section class=\"elementor-section elementor-top-section elementor-element elementor-element-8e8c1bc elementor-section-boxed elementor-section-height-default elementor-section-height-default\" data-id=\"8e8c1bc\" data-element_type=\"section\" data-settings=\"{&quot;jet_parallax_layout_list&quot;:[],&quot;background_background&quot;:&quot;classic&quot;}\">\n\t\t\t\t\t\t<div class=\"elementor-container elementor-column-gap-default\">\n\t\t\t\t\t<div class=\"elementor-column elementor-col-100 elementor-top-column elementor-element elementor-element-0e834fb\" data-id=\"0e834fb\" data-element_type=\"column\">\n\t\t\t<div class=\"elementor-widget-wrap elementor-element-populated\">\n\t\t\t\t\t\t\t\t<div class=\"elementor-element elementor-element-883a406 elementor-hidden-mobile elementor-widget elementor-widget-image\" data-id=\"883a406\" data-element_type=\"widget\" data-widget_type=\"image.default\">\n\t\t\t\t<div class=\"elementor-widget-container\">\n\t\t\t\t\t\t\t\t\t\t\t\t\t\t\t<img fetchpriority=\"high\" decoding=\"async\" width=\"1440\" height=\"702\" src=\"https:\/\/casais.pt\/wp-content\/uploads\/2024\/01\/id_desktop.png\" class=\"attachment-full size-full wp-image-28700\" alt=\"\" srcset=\"https:\/\/casais.pt\/wp-content\/uploads\/2024\/01\/id_desktop.png 1440w, https:\/\/casais.pt\/wp-content\/uploads\/2024\/01\/id_desktop-600x293.png 600w, https:\/\/casais.pt\/wp-content\/uploads\/2024\/01\/id_desktop-1080x527.png 1080w, https:\/\/casais.pt\/wp-content\/uploads\/2024\/01\/id_desktop-768x374.png 768w\" sizes=\"(max-width: 1440px) 100vw, 1440px\" title=\"\">\t\t\t\t\t\t\t\t\t\t\t\t\t\t\t<\/div>\n\t\t\t\t<\/div>\n\t\t\t\t<div class=\"elementor-element elementor-element-7612129 elementor-hidden-desktop elementor-hidden-tablet elementor-widget elementor-widget-image\" data-id=\"7612129\" data-element_type=\"widget\" data-widget_type=\"image.default\">\n\t\t\t\t<div class=\"elementor-widget-container\">\n\t\t\t\t\t\t\t\t\t\t\t\t\t\t\t<img decoding=\"async\" width=\"692\" height=\"1438\" src=\"https:\/\/casais.pt\/wp-content\/uploads\/2024\/01\/id_mobile.png\" class=\"attachment-full size-full wp-image-28703\" alt=\"\" srcset=\"https:\/\/casais.pt\/wp-content\/uploads\/2024\/01\/id_mobile.png 692w, https:\/\/casais.pt\/wp-content\/uploads\/2024\/01\/id_mobile-289x600.png 289w, https:\/\/casais.pt\/wp-content\/uploads\/2024\/01\/id_mobile-520x1080.png 520w\" sizes=\"(max-width: 692px) 100vw, 692px\" title=\"\">\t\t\t\t\t\t\t\t\t\t\t\t\t\t\t<\/div>\n\t\t\t\t<\/div>\n\t\t\t\t\t<\/div>\n\t\t<\/div>\n\t\t\t\t\t\t\t<\/div>\n\t\t<\/section>\n\t\t\t\t\t\t\t<\/div>\n\t\t","protected":false},"excerpt":{"rendered":"<p>La vie est un changement permanent. Au fur et \u00e0 mesure que la soci\u00e9t\u00e9 \u00e9volue, nos villes changent et s\u2019adaptent en devenant le reflet de la vie actuelle et de l\u2019air du temps. Nous pensons que les villes avant-gardistes favorisent les communaut\u00e9s avant-gardistes. Et tout commence par une vision. WELL BUILT FOR WELL LIVING Nous [&hellip;]<\/p>\n","protected":false},"author":1,"featured_media":0,"parent":0,"menu_order":4,"comment_status":"closed","ping_status":"closed","template":"","meta":{"inline_featured_image":false,"_jet_sm_ready_style":"","_jet_sm_style":"","_jet_sm_controls_values":"","_jet_sm_fonts_collection":"","_jet_sm_fonts_links":"","footnotes":""},"_links":{"self":[{"href":"https:\/\/casais.pt\/fr\/wp-json\/wp\/v2\/pages\/28717"}],"collection":[{"href":"https:\/\/casais.pt\/fr\/wp-json\/wp\/v2\/pages"}],"about":[{"href":"https:\/\/casais.pt\/fr\/wp-json\/wp\/v2\/types\/page"}],"author":[{"embeddable":true,"href":"https:\/\/casais.pt\/fr\/wp-json\/wp\/v2\/users\/1"}],"replies":[{"embeddable":true,"href":"https:\/\/casais.pt\/fr\/wp-json\/wp\/v2\/comments?post=28717"}],"version-history":[{"count":16,"href":"https:\/\/casais.pt\/fr\/wp-json\/wp\/v2\/pages\/28717\/revisions"}],"predecessor-version":[{"id":28912,"href":"https:\/\/casais.pt\/fr\/wp-json\/wp\/v2\/pages\/28717\/revisions\/28912"}],"wp:attachment":[{"href":"https:\/\/casais.pt\/fr\/wp-json\/wp\/v2\/media?parent=28717"}],"curies":[{"name":"wp","href":"https:\/\/api.w.org\/{rel}","templated":true}]}}